{"id":6677,"date":"2025-06-23T10:20:43","date_gmt":"2025-06-23T08:20:43","guid":{"rendered":"https:\/\/psality.com\/?page_id=6677"},"modified":"2025-06-23T11:39:53","modified_gmt":"2025-06-23T09:39:53","slug":"lp-cancel-sub-cdlr","status":"publish","type":"page","link":"https:\/\/psality.com\/pt\/lp-cancel-sub-cdlr\/","title":{"rendered":"LP &#8211; Cancel Sub &#8211; Code de la route"},"content":{"rendered":"<p>[et_pb_section fb_built=&#8221;1&#8243; admin_label=&#8221;Header&#8221; _builder_version=&#8221;4.27.0&#8243; _module_preset=&#8221;default&#8221; background_image=&#8221;https:\/\/psality.com\/wp-content\/uploads\/2023\/08\/Groupe-114-3.png&#8221; background_size=&#8221;custom&#8221; background_image_width=&#8221;2500px&#8221; background_position=&#8221;top_center&#8221; background_vertical_offset=&#8221;90%&#8221; z_index=&#8221;-5&#8243; height=&#8221;704px&#8221; custom_margin=&#8221;||-150px||false|false&#8221; custom_margin_tablet=&#8221;||100px||false|false&#8221; custom_margin_phone=&#8221;||-150px||false|false&#8221; custom_margin_last_edited=&#8221;on|phone&#8221; locked=&#8221;off&#8221; global_colors_info=&#8221;{}&#8221; theme_builder_area=&#8221;post_content&#8221;][et_pb_row column_structure=&#8221;1_2,1_2&#8243; _builder_version=&#8221;4.17.4&#8243; _module_preset=&#8221;default&#8221; global_colors_info=&#8221;{}&#8221; theme_builder_area=&#8221;post_content&#8221;][et_pb_column type=&#8221;1_2&#8243; admin_label=&#8221;Column&#8221; _builder_version=&#8221;4.17.4&#8243; _module_preset=&#8221;default&#8221; vertical_offset_tablet=&#8221;25px&#8221; vertical_offset_phone=&#8221;-25px&#8221; vertical_offset_last_edited=&#8221;on|phone&#8221; custom_padding=&#8221;25px||||false|false&#8221; custom_padding_tablet=&#8221;25px||||false|false&#8221; custom_padding_phone=&#8221;25px||||false|false&#8221; custom_padding_last_edited=&#8221;on|desktop&#8221; animation_style=&#8221;fade&#8221; global_colors_info=&#8221;{}&#8221; theme_builder_area=&#8221;post_content&#8221;][et_pb_text _builder_version=&#8221;4.21.0&#8243; _module_preset=&#8221;bff14658-add4-431d-b799-f5c9a5479777&#8243; text_font=&#8221;Poppins|800|||||||&#8221; text_text_color=&#8221;#4e4e4e&#8221; text_font_size=&#8221;37px&#8221; header_font=&#8221;Poppins|800|||||||&#8221; header_text_color=&#8221;#4e4e4e&#8221; header_font_size=&#8221;45px&#8221; text_orientation=&#8221;center&#8221; text_line_height_tablet=&#8221;&#8221; text_line_height_phone=&#8221;1.1em&#8221; text_line_height_last_edited=&#8221;on|phone&#8221; header_font_size_tablet=&#8221;45px&#8221; header_font_size_phone=&#8221;40px&#8221; header_font_size_last_edited=&#8221;on|phone&#8221; global_colors_info=&#8221;{}&#8221; theme_builder_area=&#8221;post_content&#8221;]<\/p>\n<h1>Cancelar a subscri\u00e7\u00e3o<\/h1>\n<p>[\/et_pb_text][\/et_pb_column][et_pb_column type=&#8221;1_2&#8243; _builder_version=&#8221;4.17.4&#8243; _module_preset=&#8221;default&#8221; vertical_offset_tablet=&#8221;69px&#8221; vertical_offset_phone=&#8221;6px&#8221; vertical_offset_last_edited=&#8221;on|phone&#8221; horizontal_offset_tablet=&#8221;75px&#8221; horizontal_offset_phone=&#8221;-11px&#8221; horizontal_offset_last_edited=&#8221;on|tablet&#8221; animation_style=&#8221;slide&#8221; animation_direction=&#8221;right&#8221; global_colors_info=&#8221;{}&#8221; theme_builder_area=&#8221;post_content&#8221;][et_pb_image src=&#8221;https:\/\/psality.com\/wp-content\/uploads\/2023\/08\/Compte_Header.png&#8221; title_text=&#8221;Compte_Header&#8221; _builder_version=&#8221;4.17.4&#8243; _module_preset=&#8221;default&#8221; positioning=&#8221;relative&#8221; vertical_offset_tablet=&#8221;&#8221; vertical_offset_phone=&#8221;&#8221; vertical_offset_last_edited=&#8221;on|tablet&#8221; horizontal_offset_tablet=&#8221;&#8221; horizontal_offset_phone=&#8221;&#8221; horizontal_offset_last_edited=&#8221;on|tablet&#8221; width=&#8221;128%&#8221; width_tablet=&#8221;73%&#8221; width_phone=&#8221;107%&#8221; width_last_edited=&#8221;on|phone&#8221; custom_margin=&#8221;|||2px|false|false&#8221; global_colors_info=&#8221;{}&#8221; custom_margin__hover_enabled=&#8221;off|desktop&#8221; theme_builder_area=&#8221;post_content&#8221;][\/et_pb_image][\/et_pb_column][\/et_pb_row][\/et_pb_section][et_pb_section fb_built=&#8221;1&#8243; _builder_version=&#8221;4.17.4&#8243; _module_preset=&#8221;default&#8221; custom_margin_tablet=&#8221;-150px||||false|false&#8221; custom_margin_phone=&#8221;-150px||||false|false&#8221; custom_margin_last_edited=&#8221;on|tablet&#8221; global_colors_info=&#8221;{}&#8221; theme_builder_area=&#8221;post_content&#8221;][et_pb_row custom_padding_last_edited=&#8221;on|desktop&#8221; _builder_version=&#8221;4.17.4&#8243; _module_preset=&#8221;default&#8221; custom_padding=&#8221;|300px||300px|false|true&#8221; custom_padding_tablet=&#8221;|0px||0px|false|true&#8221; custom_padding_phone=&#8221;|0px||0px|false|true&#8221; global_colors_info=&#8221;{}&#8221; theme_builder_area=&#8221;post_content&#8221;][et_pb_column type=&#8221;4_4&#8243; _builder_version=&#8221;4.17.4&#8243; _module_preset=&#8221;default&#8221; global_colors_info=&#8221;{}&#8221; theme_builder_area=&#8221;post_content&#8221;][et_pb_text _builder_version=&#8221;4.27.0&#8243; _module_preset=&#8221;041c4ee5-f100-46af-8bc9-66ecd0a54338&#8243; text_font=&#8221;Poppins|600|||||||&#8221; text_text_color=&#8221;#5f6bb0&#8243; text_font_size=&#8221;35px&#8221; text_orientation=&#8221;center&#8221; custom_margin=&#8221;||23px|||&#8221; animation_style=&#8221;fade&#8221; text_font_size_tablet=&#8221;41px&#8221; text_font_size_phone=&#8221;36px&#8221; text_font_size_last_edited=&#8221;on|tablet&#8221; text_line_height_tablet=&#8221;1.2em&#8221; text_line_height_phone=&#8221;1.3em&#8221; text_line_height_last_edited=&#8221;on|phone&#8221; header_font_size_tablet=&#8221;45px&#8221; custom_css_before=&#8221; content: %22%22;||  display: block;||  width: 32%;||  height: 5px;||  background: linear-gradient(to right,#A8CBEC,#5F6BB0);||  left: 0px;||  top: 30%;||  position: absolute;&#8221; custom_css_after=&#8221; content: %22%22;||  display: block;||   width: 32%;||  height: 5px;||  background: linear-gradient(to left,#A8CBEC,#5F6BB0);||  right: 0px;||  top: 30%;||  position: absolute;&#8221; locked=&#8221;off&#8221; global_colors_info=&#8221;{}&#8221; custom_css_before_last_edited=&#8221;on|tablet&#8221; custom_css_before_tablet=&#8221; content: %22%22;||  display: block;||  width: 30%;||  height: 5px;||  background: linear-gradient(to right,#A8CBEC,#5F6BB0);||  left: 0px;||  top: 50%;||  position: absolute;&#8221; custom_css_after_last_edited=&#8221;on|tablet&#8221; custom_css_after_tablet=&#8221; content: %22%22;||  display: block;||  width: 30%;||  height: 5px;||  background: linear-gradient(to left,#A8CBEC,#5F6BB0);||  right: 0px;||  top: 50%;||  position: absolute;&#8221; custom_css_before_phone=&#8221; content: %22%22;||  display: block;||  width: 40px;||  height: 5px;||  background: linear-gradient(to right,#A8CBEC,#5F6BB0);||  left: 5px;||  top: 30%;||  position: absolute;&#8221; custom_css_after_phone=&#8221; content: %22%22;||  display: block;||  width: 40px;||  height: 5px;||  background: linear-gradient(to right,#A8CBEC,#5F6BB0);||  right: 5px;||  top: 30%;||  position: absolute;&#8221; theme_builder_area=&#8221;post_content&#8221;]<\/p>\n<h2>Cancelar a subscri\u00e7\u00e3o<\/h2>\n<p>[\/et_pb_text][et_pb_text _builder_version=&#8221;4.21.0&#8243; _module_preset=&#8221;bff14658-add4-431d-b799-f5c9a5479777&#8243; text_font=&#8221;Poppins|600|||||||&#8221; text_text_color=&#8221;#4e4e4e&#8221; text_font_size=&#8221;16px&#8221; animation_style=&#8221;slide&#8221; animation_direction=&#8221;bottom&#8221; global_colors_info=&#8221;{}&#8221; theme_builder_area=&#8221;post_content&#8221;]<\/p>\n<p style=\"text-align: left;\"><span>\u00c9 f\u00e1cil cancelar a subscri\u00e7\u00e3o,<\/span><br \/><span>basta introduzir o seu endere\u00e7o de correio eletr\u00f3nico e clicar em \"cancelar a subscri\u00e7\u00e3o\".<\/span><\/p>\n<p>[\/et_pb_text][et_pb_text module_id=&#8221;unsubscribe_form&#8221; _builder_version=&#8221;4.27.4&#8243; _module_preset=&#8221;bff14658-add4-431d-b799-f5c9a5479777&#8243; custom_margin=&#8221;-40px||||false|false&#8221; custom_margin_tablet=&#8221;-40px||||false|false&#8221; custom_margin_phone=&#8221;-40px||||false|false&#8221; custom_margin_last_edited=&#8221;on|desktop&#8221; animation_style=&#8221;slide&#8221; animation_direction=&#8221;bottom&#8221; hover_enabled=&#8221;0&#8243; custom_css_main_element=&#8221;cursor:pointer;||&#8221; global_colors_info=&#8221;{}&#8221; custom_css_main_element_last_edited=&#8221;on|tablet&#8221; custom_css_main_element_tablet=&#8221;overflow:hidden;||cursor:pointer;&#8221; custom_css_main_element_phone=&#8221;overflow:hidden;||cursor:pointer;&#8221; theme_builder_area=&#8221;post_content&#8221; sticky_enabled=&#8221;0&#8243;]<\/p>\n<p><!-- divi:shortcode --><br \/><form action=\"https:\/\/psality.com\/wp-admin\/admin-post.php\" method=\"post\">\n\t\t\t\t<input type=\"hidden\" name=\"action\" value=\"b5pt_cancel_sub\">\n\t\t\t\t<input type=\"email\" name=\"email\" id=\"stripe_email\">\n\t\t\t\t<input type=\"submit\" value=\"Cancelar subscri\u00e7\u00e3o\">\n\t\t\t<\/form><br \/><!-- \/divi:shortcode --><\/p>\n<p>[\/et_pb_text][\/et_pb_column][\/et_pb_row][\/et_pb_section][et_pb_section fb_built=&#8221;1&#8243; _builder_version=&#8221;4.17.4&#8243; _module_preset=&#8221;default&#8221; background_color=&#8221;RGBA(255,255,255,0)&#8221; positioning=&#8221;absolute&#8221; global_colors_info=&#8221;{}&#8221; theme_builder_area=&#8221;post_content&#8221;][et_pb_row _builder_version=&#8221;4.21.0&#8243; _module_preset=&#8221;default&#8221; global_colors_info=&#8221;{}&#8221; theme_builder_area=&#8221;post_content&#8221;][et_pb_column type=&#8221;4_4&#8243; _builder_version=&#8221;4.17.4&#8243; _module_preset=&#8221;default&#8221; global_colors_info=&#8221;{}&#8221; theme_builder_area=&#8221;post_content&#8221;][et_pb_code _builder_version=&#8221;4.17.4&#8243; _module_preset=&#8221;default&#8221; global_colors_info=&#8221;{}&#8221; theme_builder_area=&#8221;post_content&#8221;]<script><!-- [et_pb_line_break_holder] -->  $(document).ready(function(){<!-- [et_pb_line_break_holder] -->        $(\"#stripe_email\").attr(\"placeholder\", \"Email Address\");<!-- [et_pb_line_break_holder] --><!-- [et_pb_line_break_holder] -->    });<!-- [et_pb_line_break_holder] -->  <!-- [et_pb_line_break_holder] --><\/script>[\/et_pb_code][\/et_pb_column][\/et_pb_row][\/et_pb_section]<\/p>","protected":false},"excerpt":{"rendered":"<p>Se d\u00e9sabonnerSe d\u00e9sabonnerPour vous d\u00e9sabonner en toute simplicit\u00e9,il vous suffit d\u2019entrer votre adresse mail et de cliquer sur \u201cannuler l\u2019abonnement\u201d.<form action=\"https:\/\/psality.com\/wp-admin\/admin-post.php\" method=\"post\">\n\t\t\t\t<input type=\"hidden\" name=\"action\" value=\"b5pt_cancel_sub\">\n\t\t\t\t<input type=\"email\" name=\"email\" id=\"stripe_email\">\n\t\t\t\t<input type=\"submit\" value=\"Cancelar subscri\u00e7\u00e3o\">\n\t\t\t<\/form><\/p>","protected":false},"author":1,"featured_media":0,"parent":0,"menu_order":0,"comment_status":"closed","ping_status":"closed","template":"","meta":{"_et_pb_use_builder":"on","_et_pb_old_content":"<!-- wp:shortcode -->\n[b5pt_cancel_sub]\n<!-- \/wp:shortcode -->","_et_gb_content_width":"","inline_featured_image":false,"footnotes":""},"class_list":["post-6677","page","type-page","status-publish","hentry"],"_links":{"self":[{"href":"https:\/\/psality.com\/pt\/wp-json\/wp\/v2\/pages\/6677","targetHints":{"allow":["GET"]}}],"collection":[{"href":"https:\/\/psality.com\/pt\/wp-json\/wp\/v2\/pages"}],"about":[{"href":"https:\/\/psality.com\/pt\/wp-json\/wp\/v2\/types\/page"}],"author":[{"embeddable":true,"href":"https:\/\/psality.com\/pt\/wp-json\/wp\/v2\/users\/1"}],"replies":[{"embeddable":true,"href":"https:\/\/psality.com\/pt\/wp-json\/wp\/v2\/comments?post=6677"}],"version-history":[{"count":2,"href":"https:\/\/psality.com\/pt\/wp-json\/wp\/v2\/pages\/6677\/revisions"}],"predecessor-version":[{"id":6727,"href":"https:\/\/psality.com\/pt\/wp-json\/wp\/v2\/pages\/6677\/revisions\/6727"}],"wp:attachment":[{"href":"https:\/\/psality.com\/pt\/wp-json\/wp\/v2\/media?parent=6677"}],"curies":[{"name":"wp","href":"https:\/\/api.w.org\/{rel}","templated":true}]}}