{"id":972,"date":"2022-09-16T08:11:49","date_gmt":"2022-09-16T06:11:49","guid":{"rendered":"https:\/\/psality.com\/login\/"},"modified":"2024-11-25T16:45:51","modified_gmt":"2024-11-25T15:45:51","slug":"connexion","status":"publish","type":"page","link":"https:\/\/psality.com\/pl\/connexion\/","title":{"rendered":"Po\u0142\u0105czenie"},"content":{"rendered":"<p>[et_pb_section fb_built=\"1\u2033 admin_label=\"section\" module_class=\"um-interface-log\" _builder_version=\"4.17.4\u2033 _module_preset=\"default\" custom_margin=\"||||false|false\" custom_margin_tablet=\"-150px||||false|false\" custom_margin_phone=\"-50px||||false|false\" custom_margin_last_edited=\"on|phone\" locked=\"off\" global_colors_info=\"{}\"][et_pb_row admin_label=\"row\" _builder_version=\"4.27.0\u2033 _module_preset=\"default\" background_size=\"initial\" background_position=\"top_left\" background_repeat=\"repeat\" hover_enabled=\"0\u2033 global_colors_info=\"{}\" module_id=\"custom-account\" sticky_enabled=\"0\u2033][et_pb_column type=\"4_4\u2033 _builder_version=\"4.16\u2033 _module_preset=\"default\" custom_padding=\"||\" global_colors_info=\"{}\" custom_padding__hover=\"||\"][et_pb_text admin_label=\"Text\" module_class=\"menu_account\" _builder_version=\"4.17.4\u2033 _module_preset=\"94e780ab-6fc9-4034-8c18-e76b4d8a1655\u2033 background_size=\"initial\" background_position=\"top_left\" background_repeat=\"repeat\" global_colors_info=\"{}\"]<\/p>\n\n<div class=\"um um-login um-968\">\n\t<div class=\"um-form\">\n\t\t<form method=\"post\" action=\"\" autocomplete=\"off\" data-trp-original-action=\"\">\n\t\t\t<div class=\"um-row _um_row_1\" style=\"margin: 0 0 30px 0;\"><div class=\"um-col-1\"><div  id=\"um_field_968_username\" class=\"um-field um-field-text  um-field-username um-field-text um-field-type_text\" data-key=\"username\"><div class=\"um-field-label\"><label for=\"username-968\">Nazwa u\u017cytkownika lub adres e-mail<\/label><div class=\"um-clear\"><\/div><\/div><div class=\"um-field-area\"><input  autocomplete=\"off\" class=\"um-form-field valid\" type=\"text\" name=\"username-968\" id=\"username-968\" value=\"\" placeholder=\"Nazwa u\u017cytkownika lub adres e-mail\" data-validate=\"unique_username_or_email\" data-key=\"username\"  aria-invalid=\"false\" \/>\n\n\t\t\t\t\t\t<\/div><\/div><div  id=\"um_field_968_user_password\" class=\"um-field um-field-password  um-field-user_password um-field-password um-field-type_password\" data-key=\"user_password\"><div class=\"um-field-label\"><label for=\"user_password-968\">Has\u0142o<\/label><div class=\"um-clear\"><\/div><\/div><div class=\"um-field-area\"><input class=\"um-form-field valid\" type=\"password\" name=\"user_password-968\" id=\"user_password-968\" value=\"\" placeholder=\"Has\u0142o\" data-validate=\"\" data-key=\"user_password\"  aria-invalid=\"false\" \/>\n\n\t\t\t\t\t\t\t<\/div><\/div><\/div><\/div>\t<input type=\"hidden\" name=\"form_id\" id=\"form_id_968\" value=\"968\" \/>\n\t\t<p class=\"um_request_name\">\n\t\t<label for=\"um_request_968\">Wype\u0142nij tylko, je\u015bli nie jeste\u015b cz\u0142owiekiem<\/label>\n\t\t<input type=\"hidden\" name=\"um_request\" id=\"um_request_968\" class=\"input\" value=\"\" size=\"25\" autocomplete=\"off\" \/>\n\t<\/p>\n\t<input type=\"hidden\" id=\"_wpnonce\" name=\"_wpnonce\" value=\"66904ffb5e\" \/><input type=\"hidden\" name=\"_wp_http_referer\" value=\"\/pl\/wp-json\/wp\/v2\/pages\/972\" \/>\n\t<div class=\"um-col-alt\">\n\n\t\t\n\n\t\t\t<div class=\"um-field um-field-c\">\n\t\t\t\t<div class=\"um-field-area\">\n\t\t\t\t\t<label class=\"um-field-checkbox\">\n\t\t\t\t\t\t<input type=\"checkbox\" name=\"rememberme\" value=\"1\"  \/>\n\t\t\t\t\t\t<span class=\"um-field-checkbox-state\"><i class=\"um-icon-android-checkbox-outline-blank\"><\/i><\/span>\n\t\t\t\t\t\t<span class=\"um-field-checkbox-option\"> Nie wylogowuj mnie<\/span>\n\t\t\t\t\t<\/label>\n\t\t\t\t<\/div>\n\t\t\t<\/div>\n\n\t\t\t\t\t\t<div class=\"um-clear\"><\/div>\n\t\t\n\t\t\t<div class=\"um-left um-half\">\n\t\t\t\t<input type=\"submit\" value=\"Logowanie\" class=\"um-button\" id=\"um-submit-btn\" \/>\n\t\t\t<\/div>\n\t\t\t<div class=\"um-right um-half\">\n\t\t\t\t<a href=\"https:\/\/psality.com\/pl\/connexion\/\" class=\"um-button um-alt\">\n\t\t\t\t\tZarejestruj si\u0119\t\t\t\t<\/a>\n\t\t\t<\/div>\n\n\t\t\n\t\t<div class=\"um-clear\"><\/div>\n\n\t<\/div>\n\n\t\n\t<div class=\"um-col-alt-b\">\n\t\t<a href=\"https:\/\/psality.com\/pl\/reinitialisation-mot-de-passe\/\" class=\"um-link-alt\">\n\t\t\tNie pami\u0119tasz swojego has\u0142a?\t\t<\/a>\n\t<\/div>\n\n\t\t\t<input type=\"hidden\" name=\"trp-form-language\" value=\"pl\"\/><\/form>\n\t<\/div>\n<\/div>\n<style>\n\t\t\t.um-968.um {\n\t\t\tmax-width: 450px;\n\t\t}\n\t\t<\/style>\n\n<p>[\/et_pb_text][\/et_pb_column][\/et_pb_row][\/et_pb_section]<\/p>","protected":false},"excerpt":{"rendered":"<div class=\"um um-login um-968\">\n\t<div class=\"um-form\">\n\t\t<form method=\"post\" action=\"\" autocomplete=\"off\" data-trp-original-action=\"\">\n\t\t\t<div class=\"um-row _um_row_1\" style=\"margin: 0 0 30px 0;\"><div class=\"um-col-1\"><div  id=\"um_field_968_username\" class=\"um-field um-field-text  um-field-username um-field-text um-field-type_text\" data-key=\"username\"><div class=\"um-field-label\"><label for=\"username-968\">Nazwa u\u017cytkownika lub adres e-mail<\/label><div class=\"um-clear\"><\/div><\/div><div class=\"um-field-area\"><input  autocomplete=\"off\" class=\"um-form-field valid\" type=\"text\" name=\"username-968\" id=\"username-968\" value=\"\" placeholder=\"Nazwa u\u017cytkownika lub adres e-mail\" data-validate=\"unique_username_or_email\" data-key=\"username\"  aria-invalid=\"false\" \/>\n\n\t\t\t\t\t\t<\/div><\/div><div  id=\"um_field_968_user_password\" class=\"um-field um-field-password  um-field-user_password um-field-password um-field-type_password\" data-key=\"user_password\"><div class=\"um-field-label\"><label for=\"user_password-968\">Has\u0142o<\/label><div class=\"um-clear\"><\/div><\/div><div class=\"um-field-area\"><input class=\"um-form-field valid\" type=\"password\" name=\"user_password-968\" id=\"user_password-968\" value=\"\" placeholder=\"Has\u0142o\" data-validate=\"\" data-key=\"user_password\"  aria-invalid=\"false\" \/>\n\n\t\t\t\t\t\t\t<\/div><\/div><\/div><\/div>\t<input type=\"hidden\" name=\"form_id\" id=\"form_id_968\" value=\"968\" \/>\n\t\t<p class=\"um_request_name\">\n\t\t<label for=\"um_request_968\">Wype\u0142nij tylko, je\u015bli nie jeste\u015b cz\u0142owiekiem<\/label>\n\t\t<input type=\"hidden\" name=\"um_request\" id=\"um_request_968\" class=\"input\" value=\"\" size=\"25\" autocomplete=\"off\" \/>\n\t<\/p>\n\t<input type=\"hidden\" id=\"_wpnonce\" name=\"_wpnonce\" value=\"66904ffb5e\" \/><input type=\"hidden\" name=\"_wp_http_referer\" value=\"\/pl\/wp-json\/wp\/v2\/pages\/972\" \/>\n\t<div class=\"um-col-alt\">\n\n\t\t\n\n\t\t\t<div class=\"um-field um-field-c\">\n\t\t\t\t<div class=\"um-field-area\">\n\t\t\t\t\t<label class=\"um-field-checkbox\">\n\t\t\t\t\t\t<input type=\"checkbox\" name=\"rememberme\" value=\"1\"  \/>\n\t\t\t\t\t\t<span class=\"um-field-checkbox-state\"><i class=\"um-icon-android-checkbox-outline-blank\"><\/i><\/span>\n\t\t\t\t\t\t<span class=\"um-field-checkbox-option\"> Nie wylogowuj mnie<\/span>\n\t\t\t\t\t<\/label>\n\t\t\t\t<\/div>\n\t\t\t<\/div>\n\n\t\t\t\t\t\t<div class=\"um-clear\"><\/div>\n\t\t\n\t\t\t<div class=\"um-left um-half\">\n\t\t\t\t<input type=\"submit\" value=\"Logowanie\" class=\"um-button\" id=\"um-submit-btn\" \/>\n\t\t\t<\/div>\n\t\t\t<div class=\"um-right um-half\">\n\t\t\t\t<a href=\"https:\/\/psality.com\/pl\/connexion\/\" class=\"um-button um-alt\">\n\t\t\t\t\tZarejestruj si\u0119\t\t\t\t<\/a>\n\t\t\t<\/div>\n\n\t\t\n\t\t<div class=\"um-clear\"><\/div>\n\n\t<\/div>\n\n\t\n\t<div class=\"um-col-alt-b\">\n\t\t<a href=\"https:\/\/psality.com\/pl\/reinitialisation-mot-de-passe\/\" class=\"um-link-alt\">\n\t\t\tNie pami\u0119tasz swojego has\u0142a?\t\t<\/a>\n\t<\/div>\n\n\t\t\t<input type=\"hidden\" name=\"trp-form-language\" value=\"pl\"\/><\/form>\n\t<\/div>\n<\/div>","protected":false},"author":1,"featured_media":0,"parent":0,"menu_order":0,"comment_status":"closed","ping_status":"closed","template":"","meta":{"_et_pb_use_builder":"on","_et_pb_old_content":"[ultimatemember form_id=\"968\"]","_et_gb_content_width":"1080","inline_featured_image":false,"footnotes":""},"class_list":["post-972","page","type-page","status-publish","hentry"],"_links":{"self":[{"href":"https:\/\/psality.com\/pl\/wp-json\/wp\/v2\/pages\/972","targetHints":{"allow":["GET"]}}],"collection":[{"href":"https:\/\/psality.com\/pl\/wp-json\/wp\/v2\/pages"}],"about":[{"href":"https:\/\/psality.com\/pl\/wp-json\/wp\/v2\/types\/page"}],"author":[{"embeddable":true,"href":"https:\/\/psality.com\/pl\/wp-json\/wp\/v2\/users\/1"}],"replies":[{"embeddable":true,"href":"https:\/\/psality.com\/pl\/wp-json\/wp\/v2\/comments?post=972"}],"version-history":[{"count":8,"href":"https:\/\/psality.com\/pl\/wp-json\/wp\/v2\/pages\/972\/revisions"}],"predecessor-version":[{"id":6133,"href":"https:\/\/psality.com\/pl\/wp-json\/wp\/v2\/pages\/972\/revisions\/6133"}],"wp:attachment":[{"href":"https:\/\/psality.com\/pl\/wp-json\/wp\/v2\/media?parent=972"}],"curies":[{"name":"wp","href":"https:\/\/api.w.org\/{rel}","templated":true}]}}