{"id":4718,"date":"2023-10-18T09:55:05","date_gmt":"2023-10-18T07:55:05","guid":{"rendered":"https:\/\/psality.com\/?page_id=4718"},"modified":"2025-01-02T14:25:36","modified_gmt":"2025-01-02T13:25:36","slug":"conditions-de-paiement-recurrent","status":"publish","type":"page","link":"https:\/\/psality.com\/cs\/conditions-de-paiement-recurrent\/","title":{"rendered":"Recurring conditions FR"},"content":{"rendered":"<p>[et_pb_section fb_built=&#8221;1&#8243; admin_label=&#8221;Header&#8221; _builder_version=&#8221;4.17.4&#8243; _module_preset=&#8221;default&#8221; background_image=&#8221;https:\/\/psality.com\/wp-content\/uploads\/2023\/05\/Groupe-114-2.png&#8221; background_size=&#8221;custom&#8221; background_image_width=&#8221;2500px&#8221; background_position=&#8221;top_center&#8221; background_vertical_offset=&#8221;100%&#8221; height=&#8221;704px&#8221; custom_margin_tablet=&#8221;||100px||false|false&#8221; custom_margin_phone=&#8221;||-150px||false|false&#8221; custom_margin_last_edited=&#8221;on|phone&#8221; background_last_edited=&#8221;on|phone&#8221; locked=&#8221;off&#8221; global_colors_info=&#8221;{}&#8221;][et_pb_row column_structure=&#8221;2_5,3_5&#8243; _builder_version=&#8221;4.21.0&#8243; _module_preset=&#8221;default&#8221; global_colors_info=&#8221;{}&#8221;][et_pb_column type=&#8221;2_5&#8243; admin_label=&#8221;Column&#8221; _builder_version=&#8221;4.17.4&#8243; _module_preset=&#8221;default&#8221; vertical_offset_tablet=&#8221;-19px&#8221; vertical_offset_phone=&#8221;-63px&#8221; vertical_offset_last_edited=&#8221;on|phone&#8221; custom_padding=&#8221;31px||||false|false&#8221; custom_padding_tablet=&#8221;31px||||false|false&#8221; custom_padding_phone=&#8221;31px||||false|false&#8221; custom_padding_last_edited=&#8221;on|desktop&#8221; global_colors_info=&#8221;{}&#8221;][et_pb_text _builder_version=&#8221;4.21.0&#8243; _module_preset=&#8221;b4adbde5-0fb8-407d-b738-f3e654e67d1a&#8221; text_font=&#8221;Poppins|800|||||||&#8221; text_font_size=&#8221;45px&#8221; header_line_height=&#8221;1.3em&#8221; text_orientation=&#8221;center&#8221; text_font_size_tablet=&#8221;45px&#8221; text_font_size_phone=&#8221;45px&#8221; text_line_height_tablet=&#8221;&#8221; text_line_height_phone=&#8221;1.1em&#8221; text_line_height_last_edited=&#8221;on|phone&#8221; header_font_size_tablet=&#8221;45px&#8221; global_colors_info=&#8221;{}&#8221;]<\/p>\n<h1><span>Opakuj\u00edc\u00ed se platebn\u00ed podm\u00ednky<\/span><\/h1>\n<p>[\/et_pb_text][\/et_pb_column][et_pb_column type=&#8221;3_5&#8243; _builder_version=&#8221;4.21.0&#8243; _module_preset=&#8221;default&#8221; vertical_offset_tablet=&#8221;25px&#8221; vertical_offset_phone=&#8221;-32px&#8221; vertical_offset_last_edited=&#8221;on|phone&#8221; horizontal_offset_tablet=&#8221;15px&#8221; horizontal_offset_phone=&#8221;&#8221; horizontal_offset_last_edited=&#8221;on|phone&#8221; animation_style=&#8221;slide&#8221; animation_direction=&#8221;right&#8221; global_colors_info=&#8221;{}&#8221;][et_pb_image src=&#8221;https:\/\/psality.com\/wp-content\/uploads\/2023\/05\/Legislation_Header-1.png&#8221; title_text=&#8221;L\u00e9gislation_Header&#8221; align_tablet=&#8221;center&#8221; align_phone=&#8221;&#8221; align_last_edited=&#8221;on|tablet&#8221; _builder_version=&#8221;4.17.4&#8243; _module_preset=&#8221;default&#8221; positioning=&#8221;relative&#8221; vertical_offset_tablet=&#8221;&#8221; vertical_offset_phone=&#8221;25px&#8221; vertical_offset_last_edited=&#8221;on|tablet&#8221; horizontal_offset_tablet=&#8221;&#8221; horizontal_offset_phone=&#8221;&#8221; horizontal_offset_last_edited=&#8221;on|tablet&#8221; width=&#8221;120%&#8221; width_tablet=&#8221;&#8221; width_phone=&#8221;122%&#8221; width_last_edited=&#8221;on|phone&#8221; custom_margin=&#8221;|||2px|false|false&#8221; global_colors_info=&#8221;{}&#8221; custom_margin__hover_enabled=&#8221;off|desktop&#8221;][\/et_pb_image][\/et_pb_column][\/et_pb_row][\/et_pb_section][et_pb_section fb_built=&#8221;1&#8243; admin_label=&#8221;Sub-areas&#8221; _builder_version=&#8221;4.17.4&#8243; _module_preset=&#8221;default&#8221; locked=&#8221;off&#8221; global_colors_info=&#8221;{}&#8221;][et_pb_row custom_padding_last_edited=&#8221;on|desktop&#8221; admin_label=&#8221;Title&#8221; _builder_version=&#8221;4.17.4&#8243; _module_preset=&#8221;default&#8221; custom_padding=&#8221;|120px||120px|false|true&#8221; custom_padding_tablet=&#8221;|0px||0px|false|true&#8221; custom_padding_phone=&#8221;|0px||0px|false|true&#8221; global_colors_info=&#8221;{}&#8221;][et_pb_column type=&#8221;4_4&#8243; _builder_version=&#8221;4.17.4&#8243; _module_preset=&#8221;default&#8221; global_colors_info=&#8221;{}&#8221;][et_pb_text _builder_version=&#8221;4.21.0&#8243; _module_preset=&#8221;53ec994d-a491-4e26-b5a0-4f6b540462e8&#8243; text_font=&#8221;Poppins|600|||||||&#8221; text_text_color=&#8221;#5f6bb0&#8243; text_font_size=&#8221;35px&#8221; text_orientation=&#8221;center&#8221; custom_padding_tablet=&#8221;&#8221; custom_padding_phone=&#8221;|11px||11px|false|true&#8221; custom_padding_last_edited=&#8221;on|phone&#8221; custom_css_before=&#8221; content: %22%22;||  display: block;||  width: 24%;||  height: 5px;||  background: linear-gradient(to right,#A8CBEC,#5F6BB0);||  left: 0px;||  top: 50%;||  position: absolute;&#8221; custom_css_after=&#8221; content: %22%22;||  display: block;||  width: 24%;||  height: 5px;||  background: linear-gradient(to left,#A8CBEC,#5F6BB0);||  right: 0px;||  top: 50%;||  position: absolute;&#8221; locked=&#8221;off&#8221; global_colors_info=&#8221;{}&#8221; custom_css_before_last_edited=&#8221;on|tablet&#8221; custom_css_before_phone=&#8221; content: %22%22;||  display: block;||  width: 50px;||  height: 5px;||  background: linear-gradient(to right,#A8CBEC,#5F6BB0);|| left: 10px;||  top: 50%;||  position: absolute;&#8221; custom_css_after_last_edited=&#8221;on|phone&#8221; custom_css_after_phone=&#8221; content: %22%22;||  display: block;||  width: 50px;||  height: 5px;||  background: linear-gradient(to right,#A8CBEC,#5F6BB0);||  right: 10px;||  top: 50%;||  position: absolute;&#8221; custom_css_before_tablet=&#8221; content: %22%22;||  display: block;||  width: 30%;||  height: 5px;||  background: linear-gradient(to right,#A8CBEC,#5F6BB0);||  left: 10px;||  top: 50%;||  position: absolute;&#8221; custom_css_after_tablet=&#8221; content: %22%22;||  display: block;||  width: 30%;||  height: 5px;||  background: linear-gradient(to left,#A8CBEC,#5F6BB0);||  right: 10px;||  top: 50%;||  position: absolute;&#8221;]<\/p>\n<p><span>Podm\u00ednky p\u0159edplatn\u00e9ho<\/span><\/p>\n<p>[\/et_pb_text][et_pb_text _builder_version=&#8221;4.21.0&#8243; _module_preset=&#8221;53ec994d-a491-4e26-b5a0-4f6b540462e8&#8243; text_font=&#8221;Poppins|300|||||||&#8221; global_colors_info=&#8221;{}&#8221;]<\/p>\n<p>Vstup v platnost: 30. b\u0159ezna 2023<\/p>\n<p>[\/et_pb_text][et_pb_text _builder_version=&#8221;4.21.0&#8243; _module_preset=&#8221;53ec994d-a491-4e26-b5a0-4f6b540462e8&#8243; global_colors_info=&#8221;{}&#8221;]<\/p>\n<p><strong>INFINIWAVE LIMITED<\/strong><\/p>\n<p><strong>77, LOWER CAMDEN STREET, <\/strong><\/p>\n<p><strong>DUBLIN D02 XE80<\/strong><\/p>\n<p><strong>Irsko<\/strong><\/p>\n<p><strong>Registra\u010dn\u00ed \u010d\u00edslo 737750 a DPH. 4162209VH<\/strong><\/p>\n<p>[\/et_pb_text][et_pb_text _builder_version=&#8221;4.23.4&#8243; _module_preset=&#8221;53ec994d-a491-4e26-b5a0-4f6b540462e8&#8243; text_font=&#8221;Poppins||||||||&#8221; text_text_color=&#8221;#4e4e4e&#8221; hover_enabled=&#8221;0&#8243; global_colors_info=&#8221;{}&#8221; sticky_enabled=&#8221;0&#8243;]<\/p>\n<p>P\u0159edplatn\u00e9 slu\u017eeb INFINIWAVE LIMITED v\u00e1m poskytuje p\u0159\u00edstup k n\u00e1sleduj\u00edc\u00edm v\u00fdhod\u00e1m:<\/p>\n<ul>\n<li>Neomezen\u00fd po\u010det test\u016f<\/li>\n<li>Uchov\u00e1v\u00e1n\u00ed v\u0161ech v\u00fdsledk\u016f test\u016f<\/li>\n<li>Srovn\u00e1n\u00ed mezi testy<\/li>\n<li>V\u00fdsledky zaslan\u00e9 e-mailem<\/li>\n<\/ul>\n<p>P\u0159edplatn\u00e9 v\u00e1m umo\u017en\u00ed p\u0159\u00edstup do \u010dlensk\u00e9 z\u00f3ny na 24 hodin za propaga\u010dn\u00ed cenu 0,5 EUR s DPH. Po uplynut\u00ed t\u00e9to zku\u0161ebn\u00ed doby se uplatn\u00ed m\u011bs\u00ed\u010dn\u00ed p\u0159edplatn\u00e9 za 47,5 \u20ac s DPH m\u011bs\u00ed\u010dn\u011b. Platba bude automaticky str\u017eena z va\u0161\u00ed kreditn\u00ed karty ka\u017ed\u00fd m\u011bs\u00edc v den v\u00fdro\u010d\u00ed.<\/p>\n<p>P\u0159edplatn\u00e9 m\u016f\u017eete kdykoli a bezpodm\u00edne\u010dn\u011b zru\u0161it p\u0159\u00edmo na t\u00e9to str\u00e1nce: <a href=\"https:\/\/psality.com\/fr\/test-big-5-cancel-sub\/\">https:\/\/psality.com\/fr\/test-big-5-cancel-sub\/<\/a><\/p>\n<p>Chcete-li zru\u0161it sv\u00e9 p\u0159edplatn\u00e9, kontaktujte n\u00e1\u0161 z\u00e1kaznick\u00fd servis e-mailem na adrese <a href=\"mailto:contact.psality@gmail.com\" target=\"_new\" rel=\"noopener\">contact.psality@gmail.com<\/a>nebo prost\u0159ednictv\u00edm kontaktn\u00edho formul\u00e1\u0159e na tomto odkazu: <a href=\"https:\/\/psality.com\/fr\/contacts\/\">https:\/\/psality.com\/fr\/contacts\/<\/a><\/p>\n<p>Spole\u010dnost INFINIWAVE LIMITED informace o z\u00e1kazn\u00edc\u00edch d\u00e1le neprod\u00e1v\u00e1; osobn\u00ed \u00fadaje jsou pou\u017e\u00edv\u00e1ny pouze za \u00fa\u010delem komunikace se z\u00e1kazn\u00edky a poskytov\u00e1n\u00ed po\u017eadovan\u00e9 \u00farovn\u011b slu\u017eeb.<\/p>\n<p>Spole\u010dnost INFINIWAVE LIMITED vyu\u017e\u00edv\u00e1 poskytovatele plateb, kte\u0159\u00ed spl\u0148uj\u00ed po\u017eadovan\u00e9 bezpe\u010dnostn\u00ed standardy PCI DSS.<\/p>\n<p>[\/et_pb_text][\/et_pb_column][\/et_pb_row][\/et_pb_section]<\/p>","protected":false},"excerpt":{"rendered":"<p>Conditions de paiement r\u00e9currentConditions d&#8217;abonnementEntry into force: March 30th, 2023INFINIWAVE LIMITED 77, LOWER CAMDEN STREET, DUBLIN D02 XE80 Ireland Registration number 737750 and VAT. 4162209VHL&#8217;abonnement aux services de INFINIWAVE LIMITED donne acc\u00e8s aux avantages suivants : Tests illimit\u00e9s Stockage de tous les r\u00e9sultats de test Comparaisons entre les tests Envoi des r\u00e9sultats par e-mail L&#8217;abonnement [&hellip;]<\/p>","protected":false},"author":1,"featured_media":0,"parent":0,"menu_order":0,"comment_status":"closed","ping_status":"closed","template":"","meta":{"_et_pb_use_builder":"on","_et_pb_old_content":"<!-- wp:divi\/placeholder \/-->","_et_gb_content_width":"","inline_featured_image":false,"footnotes":""},"class_list":["post-4718","page","type-page","status-publish","hentry"],"_links":{"self":[{"href":"https:\/\/psality.com\/cs\/wp-json\/wp\/v2\/pages\/4718","targetHints":{"allow":["GET"]}}],"collection":[{"href":"https:\/\/psality.com\/cs\/wp-json\/wp\/v2\/pages"}],"about":[{"href":"https:\/\/psality.com\/cs\/wp-json\/wp\/v2\/types\/page"}],"author":[{"embeddable":true,"href":"https:\/\/psality.com\/cs\/wp-json\/wp\/v2\/users\/1"}],"replies":[{"embeddable":true,"href":"https:\/\/psality.com\/cs\/wp-json\/wp\/v2\/comments?post=4718"}],"version-history":[{"count":6,"href":"https:\/\/psality.com\/cs\/wp-json\/wp\/v2\/pages\/4718\/revisions"}],"predecessor-version":[{"id":5395,"href":"https:\/\/psality.com\/cs\/wp-json\/wp\/v2\/pages\/4718\/revisions\/5395"}],"wp:attachment":[{"href":"https:\/\/psality.com\/cs\/wp-json\/wp\/v2\/media?parent=4718"}],"curies":[{"name":"wp","href":"https:\/\/api.w.org\/{rel}","templated":true}]}}