{"id":4718,"date":"2023-10-18T09:55:05","date_gmt":"2023-10-18T07:55:05","guid":{"rendered":"https:\/\/psality.com\/?page_id=4718"},"modified":"2025-01-02T14:25:36","modified_gmt":"2025-01-02T13:25:36","slug":"conditions-de-paiement-recurrent","status":"publish","type":"page","link":"https:\/\/psality.com\/be\/conditions-de-paiement-recurrent\/","title":{"rendered":"Recurring conditions FR"},"content":{"rendered":"<p>[et_pb_section fb_built=&#8221;1&#8243; admin_label=&#8221;Header&#8221; _builder_version=&#8221;4.17.4&#8243; _module_preset=&#8221;default&#8221; background_image=&#8221;https:\/\/psality.com\/wp-content\/uploads\/2023\/05\/Groupe-114-2.png&#8221; background_size=&#8221;custom&#8221; background_image_width=&#8221;2500px&#8221; background_position=&#8221;top_center&#8221; background_vertical_offset=&#8221;100%&#8221; height=&#8221;704px&#8221; custom_margin_tablet=&#8221;||100px||false|false&#8221; custom_margin_phone=&#8221;||-150px||false|false&#8221; custom_margin_last_edited=&#8221;on|phone&#8221; background_last_edited=&#8221;on|phone&#8221; locked=&#8221;off&#8221; global_colors_info=&#8221;{}&#8221;][et_pb_row column_structure=&#8221;2_5,3_5&#8243; _builder_version=&#8221;4.21.0&#8243; _module_preset=&#8221;default&#8221; global_colors_info=&#8221;{}&#8221;][et_pb_column type=&#8221;2_5&#8243; admin_label=&#8221;Column&#8221; _builder_version=&#8221;4.17.4&#8243; _module_preset=&#8221;default&#8221; vertical_offset_tablet=&#8221;-19px&#8221; vertical_offset_phone=&#8221;-63px&#8221; vertical_offset_last_edited=&#8221;on|phone&#8221; custom_padding=&#8221;31px||||false|false&#8221; custom_padding_tablet=&#8221;31px||||false|false&#8221; custom_padding_phone=&#8221;31px||||false|false&#8221; custom_padding_last_edited=&#8221;on|desktop&#8221; global_colors_info=&#8221;{}&#8221;][et_pb_text _builder_version=&#8221;4.21.0&#8243; _module_preset=&#8221;b4adbde5-0fb8-407d-b738-f3e654e67d1a&#8221; text_font=&#8221;Poppins|800|||||||&#8221; text_font_size=&#8221;45px&#8221; header_line_height=&#8221;1.3em&#8221; text_orientation=&#8221;center&#8221; text_font_size_tablet=&#8221;45px&#8221; text_font_size_phone=&#8221;45px&#8221; text_line_height_tablet=&#8221;&#8221; text_line_height_phone=&#8221;1.1em&#8221; text_line_height_last_edited=&#8221;on|phone&#8221; header_font_size_tablet=&#8221;45px&#8221; global_colors_info=&#8221;{}&#8221;]<\/p>\n<h1><span>Conditions de paiement r\u00e9current<\/span><\/h1>\n<p>[\/et_pb_text][\/et_pb_column][et_pb_column type=&#8221;3_5&#8243; _builder_version=&#8221;4.21.0&#8243; _module_preset=&#8221;default&#8221; vertical_offset_tablet=&#8221;25px&#8221; vertical_offset_phone=&#8221;-32px&#8221; vertical_offset_last_edited=&#8221;on|phone&#8221; horizontal_offset_tablet=&#8221;15px&#8221; horizontal_offset_phone=&#8221;&#8221; horizontal_offset_last_edited=&#8221;on|phone&#8221; animation_style=&#8221;slide&#8221; animation_direction=&#8221;right&#8221; global_colors_info=&#8221;{}&#8221;][et_pb_image src=&#8221;https:\/\/psality.com\/wp-content\/uploads\/2023\/05\/Legislation_Header-1.png&#8221; title_text=&#8221;L\u00e9gislation_Header&#8221; align_tablet=&#8221;center&#8221; align_phone=&#8221;&#8221; align_last_edited=&#8221;on|tablet&#8221; _builder_version=&#8221;4.17.4&#8243; _module_preset=&#8221;default&#8221; positioning=&#8221;relative&#8221; vertical_offset_tablet=&#8221;&#8221; vertical_offset_phone=&#8221;25px&#8221; vertical_offset_last_edited=&#8221;on|tablet&#8221; horizontal_offset_tablet=&#8221;&#8221; horizontal_offset_phone=&#8221;&#8221; horizontal_offset_last_edited=&#8221;on|tablet&#8221; width=&#8221;120%&#8221; width_tablet=&#8221;&#8221; width_phone=&#8221;122%&#8221; width_last_edited=&#8221;on|phone&#8221; custom_margin=&#8221;|||2px|false|false&#8221; global_colors_info=&#8221;{}&#8221; custom_margin__hover_enabled=&#8221;off|desktop&#8221;][\/et_pb_image][\/et_pb_column][\/et_pb_row][\/et_pb_section][et_pb_section fb_built=&#8221;1&#8243; admin_label=&#8221;Sub-areas&#8221; _builder_version=&#8221;4.17.4&#8243; _module_preset=&#8221;default&#8221; locked=&#8221;off&#8221; global_colors_info=&#8221;{}&#8221;][et_pb_row custom_padding_last_edited=&#8221;on|desktop&#8221; admin_label=&#8221;Title&#8221; _builder_version=&#8221;4.17.4&#8243; _module_preset=&#8221;default&#8221; custom_padding=&#8221;|120px||120px|false|true&#8221; custom_padding_tablet=&#8221;|0px||0px|false|true&#8221; custom_padding_phone=&#8221;|0px||0px|false|true&#8221; global_colors_info=&#8221;{}&#8221;][et_pb_column type=&#8221;4_4&#8243; _builder_version=&#8221;4.17.4&#8243; _module_preset=&#8221;default&#8221; global_colors_info=&#8221;{}&#8221;][et_pb_text _builder_version=&#8221;4.21.0&#8243; _module_preset=&#8221;53ec994d-a491-4e26-b5a0-4f6b540462e8&#8243; text_font=&#8221;Poppins|600|||||||&#8221; text_text_color=&#8221;#5f6bb0&#8243; text_font_size=&#8221;35px&#8221; text_orientation=&#8221;center&#8221; custom_padding_tablet=&#8221;&#8221; custom_padding_phone=&#8221;|11px||11px|false|true&#8221; custom_padding_last_edited=&#8221;on|phone&#8221; custom_css_before=&#8221; content: %22%22;||  display: block;||  width: 24%;||  height: 5px;||  background: linear-gradient(to right,#A8CBEC,#5F6BB0);||  left: 0px;||  top: 50%;||  position: absolute;&#8221; custom_css_after=&#8221; content: %22%22;||  display: block;||  width: 24%;||  height: 5px;||  background: linear-gradient(to left,#A8CBEC,#5F6BB0);||  right: 0px;||  top: 50%;||  position: absolute;&#8221; locked=&#8221;off&#8221; global_colors_info=&#8221;{}&#8221; custom_css_before_last_edited=&#8221;on|tablet&#8221; custom_css_before_phone=&#8221; content: %22%22;||  display: block;||  width: 50px;||  height: 5px;||  background: linear-gradient(to right,#A8CBEC,#5F6BB0);|| left: 10px;||  top: 50%;||  position: absolute;&#8221; custom_css_after_last_edited=&#8221;on|phone&#8221; custom_css_after_phone=&#8221; content: %22%22;||  display: block;||  width: 50px;||  height: 5px;||  background: linear-gradient(to right,#A8CBEC,#5F6BB0);||  right: 10px;||  top: 50%;||  position: absolute;&#8221; custom_css_before_tablet=&#8221; content: %22%22;||  display: block;||  width: 30%;||  height: 5px;||  background: linear-gradient(to right,#A8CBEC,#5F6BB0);||  left: 10px;||  top: 50%;||  position: absolute;&#8221; custom_css_after_tablet=&#8221; content: %22%22;||  display: block;||  width: 30%;||  height: 5px;||  background: linear-gradient(to left,#A8CBEC,#5F6BB0);||  right: 10px;||  top: 50%;||  position: absolute;&#8221;]<\/p>\n<p><span>Conditions d&#8217;abonnement<\/span><\/p>\n<p>[\/et_pb_text][et_pb_text _builder_version=&#8221;4.21.0&#8243; _module_preset=&#8221;53ec994d-a491-4e26-b5a0-4f6b540462e8&#8243; text_font=&#8221;Poppins|300|||||||&#8221; global_colors_info=&#8221;{}&#8221;]<\/p>\n<p>Entry into force: March 30th, 2023<\/p>\n<p>[\/et_pb_text][et_pb_text _builder_version=&#8221;4.21.0&#8243; _module_preset=&#8221;53ec994d-a491-4e26-b5a0-4f6b540462e8&#8243; global_colors_info=&#8221;{}&#8221;]<\/p>\n<p><strong>INFINIWAVE LIMITED<\/strong><\/p>\n<p><strong>77, LOWER CAMDEN STREET, <\/strong><\/p>\n<p><strong>DUBLIN D02 XE80<\/strong><\/p>\n<p><strong>Ireland<\/strong><\/p>\n<p><strong>Registration number 737750 and VAT. 4162209VH<\/strong><\/p>\n<p>[\/et_pb_text][et_pb_text _builder_version=&#8221;4.23.4&#8243; _module_preset=&#8221;53ec994d-a491-4e26-b5a0-4f6b540462e8&#8243; text_font=&#8221;Poppins||||||||&#8221; text_text_color=&#8221;#4e4e4e&#8221; hover_enabled=&#8221;0&#8243; global_colors_info=&#8221;{}&#8221; sticky_enabled=&#8221;0&#8243;]<\/p>\n<p>L&#8217;abonnement aux services de INFINIWAVE LIMITED donne acc\u00e8s aux avantages suivants :<\/p>\n<ul>\n<li>Tests illimit\u00e9s<\/li>\n<li>Stockage de tous les r\u00e9sultats de test<\/li>\n<li>Comparaisons entre les tests<\/li>\n<li>Envoi des r\u00e9sultats par e-mail<\/li>\n<\/ul>\n<p>L&#8217;abonnement vous donne acc\u00e8s \u00e0 l&#8217;espace membre pendant 24 heures au tarif promotionnel de 0,5 \u20ac TTC. \u00c0 la fin de cette p\u00e9riode d&#8217;essai, l&#8217;abonnement mensuel au prix de 47,5 \u20ac TTC par mois sera appliqu\u00e9. Le paiement de ce dernier sera automatiquement d\u00e9bit\u00e9 de votre carte de cr\u00e9dit chaque mois \u00e0 la date anniversaire.<\/p>\n<p>Vous pouvez annuler l&#8217;abonnement \u00e0 tout moment et sans conditions directement sur cette page : <a href=\"https:\/\/psality.com\/fr\/test-big-5-cancel-sub\/\">https:\/\/psality.com\/fr\/test-big-5-cancel-sub\/<\/a><\/p>\n<p>Pour annuler votre abonnement, veuillez contacter notre service client, par e-mail \u00e0 <a href=\"mailto:contact.psality@gmail.com\" target=\"_new\" rel=\"noopener\">contact.psality@gmail.com<\/a>, ou via notre formulaire de contact en suivant ce lien : <a href=\"https:\/\/psality.com\/fr\/contacts\/\">https:\/\/psality.com\/fr\/contacts\/<\/a><\/p>\n<p>INFINIWAVE LIMITED ne revend pas les informations de ses clients ; les donn\u00e9es personnelles sont uniquement utilis\u00e9es dans le but de communiquer avec les clients et de leur fournir le niveau de service souhait\u00e9.<\/p>\n<p>INFINIWAVE LIMITED utilise des prestataires de paiement conformes aux normes de s\u00e9curit\u00e9 PCI DSS requises.<\/p>\n<p>[\/et_pb_text][\/et_pb_column][\/et_pb_row][\/et_pb_section]<\/p>","protected":false},"excerpt":{"rendered":"<p>Conditions de paiement r\u00e9currentConditions d&#8217;abonnementEntry into force: March 30th, 2023INFINIWAVE LIMITED 77, LOWER CAMDEN STREET, DUBLIN D02 XE80 Ireland Registration number 737750 and VAT. 4162209VHL&#8217;abonnement aux services de INFINIWAVE LIMITED donne acc\u00e8s aux avantages suivants : Tests illimit\u00e9s Stockage de tous les r\u00e9sultats de test Comparaisons entre les tests Envoi des r\u00e9sultats par e-mail L&#8217;abonnement [&hellip;]<\/p>","protected":false},"author":1,"featured_media":0,"parent":0,"menu_order":0,"comment_status":"closed","ping_status":"closed","template":"","meta":{"_et_pb_use_builder":"on","_et_pb_old_content":"<!-- wp:divi\/placeholder \/-->","_et_gb_content_width":"","inline_featured_image":false,"footnotes":""},"class_list":["post-4718","page","type-page","status-publish","hentry"],"_links":{"self":[{"href":"https:\/\/psality.com\/be\/wp-json\/wp\/v2\/pages\/4718","targetHints":{"allow":["GET"]}}],"collection":[{"href":"https:\/\/psality.com\/be\/wp-json\/wp\/v2\/pages"}],"about":[{"href":"https:\/\/psality.com\/be\/wp-json\/wp\/v2\/types\/page"}],"author":[{"embeddable":true,"href":"https:\/\/psality.com\/be\/wp-json\/wp\/v2\/users\/1"}],"replies":[{"embeddable":true,"href":"https:\/\/psality.com\/be\/wp-json\/wp\/v2\/comments?post=4718"}],"version-history":[{"count":6,"href":"https:\/\/psality.com\/be\/wp-json\/wp\/v2\/pages\/4718\/revisions"}],"predecessor-version":[{"id":5395,"href":"https:\/\/psality.com\/be\/wp-json\/wp\/v2\/pages\/4718\/revisions\/5395"}],"wp:attachment":[{"href":"https:\/\/psality.com\/be\/wp-json\/wp\/v2\/media?parent=4718"}],"curies":[{"name":"wp","href":"https:\/\/api.w.org\/{rel}","templated":true}]}}